{"id":3132,"date":"2023-06-11T01:28:39","date_gmt":"2023-06-11T04:28:39","guid":{"rendered":"https:\/\/www.casana.com\/?page_id=3132"},"modified":"2023-06-11T01:29:59","modified_gmt":"2023-06-11T04:29:59","slug":"br-casana-luxury-hotel-in-prea-brazil-reception","status":"publish","type":"page","link":"https:\/\/casana.criaturodesign.com.br\/pt\/br-casana-luxury-hotel-in-prea-brazil-reception\/","title":{"rendered":""},"content":{"rendered":"<div class=\"vce-row-container\"><div class=\"vce-row vce-element--has-background vce-row--col-gap-30 vce-row-no-paddings vce-row-equal-height vce-row-columns--top vce-row-content--top\" data-vce-full-width=\"true\" data-vce-stretch-content=\"true\" id=\"el-898257da\" data-vce-do-apply=\"all el-898257da\"><div class=\"vce-content-background-container\"><div class=\"vce-asset-parallax-container vce-visible-all-only\" data-vce-assets-parallax=\".vce-asset-parallax\" data-vce-assets-parallax-fade=\"true\" data-vce-assets-parallax-speed=\"30\" data-vce-assets-parallax-reverse=\"1\"><div class=\"vce-asset-parallax\" style=\"top: -30vh; bottom: -30vh; transform: translateY(-10.1599vh);\"><div class=\"vce-asset-background-simple-container vce-visible-all-only vce-asset-background-simple--style-cover vce-asset-background-simple--position-center-top\"><div class=\"vce-asset-background-simple\"><div class=\"vce-asset-background-simple-item lazyload\" style=\"background-image:inherit;\" data-bg-image=\"url(&#039;https:\/\/casana.criaturodesign.com.br\/wp-content\/uploads\/2020\/04\/DSC07635.jpg&#039;)\"><\/div><\/div><\/div><\/div><\/div><\/div><div class=\"vce-row-content\" data-vce-element-content=\"true\"><div class=\"vce-col vce-col--md-auto vce-col--xs-1 vce-col--xs-last vce-col--xs-first vce-col--sm-last vce-col--sm-first vce-col--md-last vce-col--lg-last vce-col--xl-last vce-col--md-first vce-col--lg-first vce-col--xl-first\" id=\"el-4b4f17a1\"><div class=\"vce-col-inner\" data-vce-do-apply=\"border margin background  el-4b4f17a1\"><div class=\"vce-col-content\" data-vce-element-content=\"true\" data-vce-do-apply=\"padding el-4b4f17a1\"><div class=\"vce-raw-html\"><div class=\"vce-raw-html-wrapper\" id=\"el-a7af770a\" data-vce-do-apply=\"all el-a7af770a\"><div class=\"divImageMain\"><\/div><\/div><\/div><\/div><\/div><\/div><\/div><\/div><\/div><div class=\"vce-row-container\"><div class=\"vce-row vce-row--col-gap-30 vce-row-columns--top vce-row-content--top\" data-vce-full-width=\"true\" id=\"el-87cc65b2\" data-vce-do-apply=\"all el-87cc65b2\"><div class=\"vce-content-background-container\"><\/div><div class=\"vce-row-content\" data-vce-element-content=\"true\"><div class=\"vce-col vce-col--md-auto vce-col--xs-1 vce-col--xs-last vce-col--xs-first vce-col--sm-last vce-col--sm-first vce-col--md-last vce-col--lg-last vce-col--xl-last vce-col--md-first vce-col--lg-first vce-col--xl-first\" id=\"el-47cbc5c5\"><div class=\"vce-col-inner\" data-vce-do-apply=\"border margin background  el-47cbc5c5\"><div class=\"vce-col-content\" data-vce-element-content=\"true\" data-vce-do-apply=\"padding el-47cbc5c5\"><div class=\"vce-text-block\"><div class=\"vce-text-block-wrapper vce\" id=\"el-b9f6e1da\" data-vce-do-apply=\"all el-b9f6e1da\"><h3 class=\"titleMainCenter\"><span style=\"font-family: Montserrat;\"> RECEP\u00c7\u00c3O <\/span><\/h3>\r\n<p class=\"textDescriptionCenter\"><span style=\"font-family: Montserrat;\">Nossa recep\u00e7\u00e3o est\u00e1 equipada com nossos anfitri\u00f5es prontos para ajud\u00e1-lo com qualquer solicita\u00e7\u00e3o durante a sua estadia.<\/span><\/p><\/div><\/div><\/div><\/div><\/div><\/div><\/div><\/div>","protected":false},"excerpt":{"rendered":"<p>RECEP\u00c7\u00c3O Nossa recep\u00e7\u00e3o est\u00e1 equipada com nossos anfitri\u00f5es prontos para ajud\u00e1-lo com qualquer solicita\u00e7\u00e3o durante a sua estadia.<\/p>","protected":false},"author":1,"featured_media":0,"parent":0,"menu_order":0,"comment_status":"closed","ping_status":"closed","template":"","meta":{"neve_meta_sidebar":"","neve_meta_container":"","neve_meta_enable_content_width":"off","neve_meta_content_width":0,"neve_meta_title_alignment":"","neve_meta_author_avatar":"","neve_post_elements_order":"","neve_meta_disable_header":"","neve_meta_disable_footer":"","neve_meta_disable_title":"on","_themeisle_gutenberg_block_has_review":false,"footnotes":""},"class_list":["post-3132","page","type-page","status-publish","hentry"],"yoast_head":"<!-- This site is optimized with the Yoast SEO plugin v25.1 - https:\/\/yoast.com\/wordpress\/plugins\/seo\/ -->\n<title>Casana | Luxury hotel no Pre\u00e1, Brasil | Recep\u00e7\u00e3o &#183;<\/title>\n<meta name=\"robots\" content=\"noindex, follow, max-snippet:-1, max-image-preview:large, max-video-preview:-1\" \/>\n<meta property=\"og:locale\" content=\"pt_BR\" \/>\n<meta property=\"og:type\" content=\"article\" \/>\n<meta property=\"og:title\" content=\"Casana | Luxury hotel no Pre\u00e1, Brasil | Recep\u00e7\u00e3o &#183;\" \/>\n<meta property=\"og:description\" content=\"RECEP\u00c7\u00c3O Nossa recep\u00e7\u00e3o est\u00e1 equipada com nossos anfitri\u00f5es prontos para ajud\u00e1-lo com qualquer solicita\u00e7\u00e3o durante a sua estadia.\" \/>\n<meta property=\"og:url\" content=\"https:\/\/localhost:8888\/2026\/casana\/br-casana-luxury-hotel-in-prea-brazil-reception\/\" \/>\n<meta property=\"article:modified_time\" content=\"2023-06-11T04:29:59+00:00\" \/>\n<meta name=\"twitter:card\" content=\"summary_large_image\" \/>\n<script type=\"application\/ld+json\" class=\"yoast-schema-graph\">{\"@context\":\"https:\/\/schema.org\",\"@graph\":[{\"@type\":\"WebPage\",\"@id\":\"https:\/\/localhost:8888\/2026\/casana\/br-casana-luxury-hotel-in-prea-brazil-reception\/\",\"url\":\"https:\/\/localhost:8888\/2026\/casana\/br-casana-luxury-hotel-in-prea-brazil-reception\/\",\"name\":\"Casana | Luxury hotel no Pre\u00e1, Brasil | Recep\u00e7\u00e3o &#183;\",\"isPartOf\":{\"@id\":\"https:\/\/casana.criaturodesign.com.br\/#website\"},\"datePublished\":\"2023-06-11T04:28:39+00:00\",\"dateModified\":\"2023-06-11T04:29:59+00:00\",\"inLanguage\":\"pt-BR\",\"potentialAction\":[{\"@type\":\"ReadAction\",\"target\":[\"https:\/\/localhost:8888\/2026\/casana\/br-casana-luxury-hotel-in-prea-brazil-reception\/\"]}]},{\"@type\":\"WebSite\",\"@id\":\"https:\/\/casana.criaturodesign.com.br\/#website\",\"url\":\"https:\/\/casana.criaturodesign.com.br\/\",\"name\":\"\",\"description\":\"Luxury hotel in Pre\u00e1, Brazil\",\"potentialAction\":[{\"@type\":\"SearchAction\",\"target\":{\"@type\":\"EntryPoint\",\"urlTemplate\":\"https:\/\/casana.criaturodesign.com.br\/?s={search_term_string}\"},\"query-input\":{\"@type\":\"PropertyValueSpecification\",\"valueRequired\":true,\"valueName\":\"search_term_string\"}}],\"inLanguage\":\"pt-BR\"}]}<\/script>\n<!-- \/ Yoast SEO plugin. -->","yoast_head_json":{"title":"Casana | Luxury hotel no Pre\u00e1, Brasil | Recep\u00e7\u00e3o &#183;","robots":{"index":"noindex","follow":"follow","max-snippet":"max-snippet:-1","max-image-preview":"max-image-preview:large","max-video-preview":"max-video-preview:-1"},"og_locale":"pt_BR","og_type":"article","og_title":"Casana | Luxury hotel no Pre\u00e1, Brasil | Recep\u00e7\u00e3o &#183;","og_description":"RECEP\u00c7\u00c3O Nossa recep\u00e7\u00e3o est\u00e1 equipada com nossos anfitri\u00f5es prontos para ajud\u00e1-lo com qualquer solicita\u00e7\u00e3o durante a sua estadia.","og_url":"https:\/\/localhost:8888\/2026\/casana\/br-casana-luxury-hotel-in-prea-brazil-reception\/","article_modified_time":"2023-06-11T04:29:59+00:00","twitter_card":"summary_large_image","schema":{"@context":"https:\/\/schema.org","@graph":[{"@type":"WebPage","@id":"https:\/\/localhost:8888\/2026\/casana\/br-casana-luxury-hotel-in-prea-brazil-reception\/","url":"https:\/\/localhost:8888\/2026\/casana\/br-casana-luxury-hotel-in-prea-brazil-reception\/","name":"Casana | Luxury hotel no Pre\u00e1, Brasil | Recep\u00e7\u00e3o &#183;","isPartOf":{"@id":"https:\/\/casana.criaturodesign.com.br\/#website"},"datePublished":"2023-06-11T04:28:39+00:00","dateModified":"2023-06-11T04:29:59+00:00","inLanguage":"pt-BR","potentialAction":[{"@type":"ReadAction","target":["https:\/\/localhost:8888\/2026\/casana\/br-casana-luxury-hotel-in-prea-brazil-reception\/"]}]},{"@type":"WebSite","@id":"https:\/\/casana.criaturodesign.com.br\/#website","url":"https:\/\/casana.criaturodesign.com.br\/","name":"","description":"Luxury hotel in Pre\u00e1, Brazil","potentialAction":[{"@type":"SearchAction","target":{"@type":"EntryPoint","urlTemplate":"https:\/\/casana.criaturodesign.com.br\/?s={search_term_string}"},"query-input":{"@type":"PropertyValueSpecification","valueRequired":true,"valueName":"search_term_string"}}],"inLanguage":"pt-BR"}]}},"_links":{"self":[{"href":"https:\/\/casana.criaturodesign.com.br\/pt\/wp-json\/wp\/v2\/pages\/3132","targetHints":{"allow":["GET"]}}],"collection":[{"href":"https:\/\/casana.criaturodesign.com.br\/pt\/wp-json\/wp\/v2\/pages"}],"about":[{"href":"https:\/\/casana.criaturodesign.com.br\/pt\/wp-json\/wp\/v2\/types\/page"}],"author":[{"embeddable":true,"href":"https:\/\/casana.criaturodesign.com.br\/pt\/wp-json\/wp\/v2\/users\/1"}],"replies":[{"embeddable":true,"href":"https:\/\/casana.criaturodesign.com.br\/pt\/wp-json\/wp\/v2\/comments?post=3132"}],"version-history":[{"count":0,"href":"https:\/\/casana.criaturodesign.com.br\/pt\/wp-json\/wp\/v2\/pages\/3132\/revisions"}],"wp:attachment":[{"href":"https:\/\/casana.criaturodesign.com.br\/pt\/wp-json\/wp\/v2\/media?parent=3132"}],"curies":[{"name":"wp","href":"https:\/\/api.w.org\/{rel}","templated":true}]}}